{"id":4719,"date":"2024-06-06T10:09:39","date_gmt":"2024-06-06T08:09:39","guid":{"rendered":"https:\/\/www.surfcamp-lacanau.com\/?page_id=4719"},"modified":"2024-06-10T14:11:23","modified_gmt":"2024-06-10T12:11:23","slug":"rechtliche-hinweise","status":"publish","type":"page","link":"https:\/\/www.surfcamp-lacanau.com\/de\/rechtliche-hinweise\/","title":{"rendered":"Rechtliche Hinweise"},"content":{"rendered":"\t\t<div data-elementor-type=\"wp-page\" data-elementor-id=\"4719\" class=\"elementor elementor-4719 elementor-4227\" data-elementor-post-type=\"page\">\n\t\t\t\t<div class=\"elementor-element elementor-element-d14d02e e-flex e-con-boxed e-con e-parent\" data-id=\"d14d02e\" data-element_type=\"container\" data-e-type=\"container\">\n\t\t\t\t\t<div class=\"e-con-inner\">\n\t\t<div class=\"elementor-element elementor-element-6607d930 e-con-full e-flex e-con e-child\" data-id=\"6607d930\" data-element_type=\"container\" data-e-type=\"container\">\n\t\t\t\t<div class=\"elementor-element elementor-element-6a1b0cc0 animated-slow elementor-invisible elementor-widget elementor-widget-heading\" data-id=\"6a1b0cc0\" data-element_type=\"widget\" data-e-type=\"widget\" data-settings=\"{&quot;_animation&quot;:&quot;fadeIn&quot;}\" data-widget_type=\"heading.default\">\n\t\t\t\t<div class=\"elementor-widget-container\">\n\t\t\t\t\t<h2 class=\"elementor-heading-title elementor-size-default\">Rechtliche Hinweise <\/h2>\t\t\t\t<\/div>\n\t\t\t\t<\/div>\n\t\t\t\t<div class=\"elementor-element elementor-element-7ae7c19d elementor-widget elementor-widget-text-editor\" data-id=\"7ae7c19d\" data-element_type=\"widget\" data-e-type=\"widget\" data-widget_type=\"text-editor.default\">\n\t\t\t\t<div class=\"elementor-widget-container\">\n\t\t\t\t\t\t\t\t\t<h2>1 &#8211; Herausgabe der Website<\/h2><p>Gem\u00e4\u00df Artikel 6 des Gesetzes Nr. 2004-575 vom 21. Juni 2004 \u00fcber das Vertrauen in die digitale Wirtschaft wird den Nutzern der Website https:\/\/www.surfcamp-lacanau.com\/ die Identit\u00e4t der verschiedenen Akteure im Rahmen der Erstellung und Betreuung der Website mitgeteilt:<\/p><p>Eigent\u00fcmer der Website: BigMamaSurfCamp &#8211; Kontakt: bigmamasurfcamp@gmail.com 06 67 17 45 11 &#8211; Adresse: 15 r\u00e9sidence les maisons landaises 33680 Lacanau.<\/p><p>Identifizierung des Unternehmens: Affaire personnelle commer\u00e7ant BigMamaSurfCamp au capital social de \u20ac &#8211; SIREN: 925022923 &#8211; RCS ou RM : Bordeaux A 925 022 923 &#8211; Adresse postale : 15 r\u00e9sidence les maisons landaises 33680 Lacanau &#8211; https:\/\/www.surfcamp-lacanau.com\/cgv\/.<\/p><p>Leiter der Ver\u00f6ffentlichung: Romain Lhoste &#8211; Kontakt: bigmamasurfcamp@gmail.com.<\/p><p>Host: OVH SAS &#8211; 2 rue Kellermann &#8211; BP 80157 &#8211; 59053 Roubaix Cedex 1 &#8211; Telefon: 1007.<\/p><p>Datenschutzbeauftragter: Romain Lhoste &#8211; bigmamasurfcamp@gmail.com<\/p><p>Andere Mitwirkende :<\/p><h2>2 &#8211; Geistiges Eigentum und F\u00e4lschungen.<\/h2><p>BigMamaSurfCamp ist Eigent\u00fcmer der Rechte am geistigen Eigentum und besitzt die Nutzungsrechte f\u00fcr alle auf der Website zug\u00e4nglichen Elemente, insbesondere Texte, Bilder, Grafiken, Logos, Videos, Architektur, Icons und Sounds.<\/p><p>Jede Vervielf\u00e4ltigung, Darstellung, \u00c4nderung, Ver\u00f6ffentlichung und Anpassung aller oder eines Teils der Elemente der Website, unabh\u00e4ngig von den verwendeten Mitteln oder Verfahren, ist ohne vorherige schriftliche Genehmigung von BigMamaSurfCamp untersagt.<\/p><p>Jede nicht genehmigte Nutzung der Website oder eines ihrer Elemente wird als F\u00e4lschung angesehen und gem\u00e4\u00df den Bestimmungen der Artikel L.335-2 ff. des franz\u00f6sischen Gesetzbuchs \u00fcber geistiges Eigentum verfolgt.<\/p><h2>3 &#8211; Einschr\u00e4nkungen der Haftung.<\/h2><p>BigMamaSurfCamp haftet nicht f\u00fcr direkte und indirekte Sch\u00e4den an der Hardware des Nutzers beim Zugriff auf die Website https:\/\/www.surfcamp-lacanau.com\/.<\/p><p>BigMamaSurfCamp \u00fcbernimmt keine Verantwortung f\u00fcr die Nutzung der Informationen und Inhalte, die auf https:\/\/www.surfcamp-lacanau.com\/ zu finden sind.<\/p><p>BigMamaSurfCamp verpflichtet sich, die Website https:\/\/www.surfcamp-lacanau.com\/ so gut wie m\u00f6glich zu sichern. Dennoch kann BigMamaSurfCamp nicht haftbar gemacht werden, wenn unerw\u00fcnschte Daten ohne sein Wissen auf seine Website importiert und dort installiert werden.<\/p><p>Interaktive Bereiche (Kontakt- oder Kommentarbereich) stehen den Nutzern zur Verf\u00fcgung. BigMamaSurfCamp beh\u00e4lt sich das Recht vor, ohne vorherige Ank\u00fcndigung alle Inhalte in diesem Bereich zu l\u00f6schen, die gegen die in Frankreich geltenden Gesetze und insbesondere gegen die Bestimmungen zum Datenschutz versto\u00dfen.<\/p><p>Gegebenenfalls beh\u00e4lt sich BigMamaSurfCamp auch die M\u00f6glichkeit vor, den Nutzer zivil- und\/oder strafrechtlich haftbar zu machen, insbesondere bei rassistischen, beleidigenden, diffamierenden oder pornografischen Mitteilungen, unabh\u00e4ngig von den verwendeten Medien (Text, Fotografie &#8230;).<\/p><h2>4 &#8211; CNIL und Verwaltung der pers\u00f6nlichen Daten.<\/h2><p>Gem\u00e4\u00df den Bestimmungen des ge\u00e4nderten Gesetzes 78-17 vom 6. Januar 1978 hat der Nutzer der Website https:\/\/www.surfcamp-lacanau.com\/ das Recht, auf die gesammelten Informationen zuzugreifen, sie zu \u00e4ndern und zu l\u00f6schen. Um dieses Recht auszu\u00fcben, senden Sie eine Nachricht an unseren Datenschutzbeauftragten: Romain Lhoste &#8211; bigmamasurfcamp@gmail.com.<\/p><p>F\u00fcr weitere Informationen dar\u00fcber, wie wir Ihre Daten verarbeiten (Art der Daten, Zweck, Empf\u00e4nger&#8230;), lesen Sie bitte unsere https:\/\/www.surfcamp-lacanau.com\/politique-de-cookies-ue\/.<\/p><h2>5 &#8211; Hyperlinks und Cookies<\/h2><p>Die Website https:\/\/www.surfcamp-lacanau.com\/ enth\u00e4lt Hyperlinks zu anderen Websites und \u00fcbernimmt keine Verantwortung f\u00fcr diese externen Links oder f\u00fcr Links, die von anderen Websites zu https:\/\/www.surfcamp-lacanau.com\/ erstellt wurden.<\/p><p>Das Surfen auf der Website https:\/\/www.surfcamp-lacanau.com\/ kann dazu f\u00fchren, dass auf dem Computer des Nutzers ein Cookie(s) installiert wird.<\/p><p>Ein \u201eCookie\u201c ist eine kleine Datei, die Informationen \u00fcber die Navigation eines Nutzers auf einer Website speichert. Die so gewonnenen Daten erm\u00f6glichen z. B. die Messung der Besucherzahlen.<\/p><p>Sie haben die M\u00f6glichkeit, Cookies zu akzeptieren oder abzulehnen, indem Sie die Einstellungen Ihres Browsers \u00e4ndern. Ohne Ihre Zustimmung werden keine Cookies abgelegt.<\/p><p>Cookies werden f\u00fcr eine Dauer von maximal 13 Monaten gespeichert.<\/p><p>Weitere Informationen dar\u00fcber, wie wir Cookies verwenden, finden Sie unter https:\/\/www.surfcamp-lacanau.com\/politique-de-cookies-ue\/.<\/p><h2>6 &#8211; Anwendbares Recht und Gerichtsstand.<\/h2><p>Alle Streitigkeiten im Zusammenhang mit der Nutzung der Website https:\/\/www.surfcamp-lacanau.com\/ unterliegen dem franz\u00f6sischen Recht. Au\u00dfer in F\u00e4llen, in denen dies gesetzlich nicht zul\u00e4ssig ist, wird die ausschlie\u00dfliche Zust\u00e4ndigkeit den zust\u00e4ndigen Gerichten in Bordeaux zugewiesen.<\/p>\t\t\t\t\t\t\t\t<\/div>\n\t\t\t\t<\/div>\n\t\t\t\t<\/div>\n\t\t\t\t\t<\/div>\n\t\t\t\t<\/div>\n\t\t\t\t<\/div>\n\t\t","protected":false},"excerpt":{"rendered":"<p>Rechtliche Hinweise 1 &#8211; Herausgabe der Website Gem\u00e4\u00df Artikel 6 des Gesetzes Nr. 2004-575 vom 21. Juni 2004 \u00fcber das Vertrauen in die digitale Wirtschaft wird den Nutzern der Website https:\/\/www.surfcamp-lacanau.com\/ die Identit\u00e4t der verschiedenen Akteure im Rahmen der Erstellung und Betreuung der Website mitgeteilt: Eigent\u00fcmer der Website: BigMamaSurfCamp &#8211; Kontakt: bigmamasurfcamp@gmail.com 06 67 17 [&hellip;]<\/p>\n","protected":false},"author":1,"featured_media":4528,"parent":0,"menu_order":0,"comment_status":"closed","ping_status":"closed","template":"elementor_theme","meta":{"footnotes":""},"class_list":["post-4719","page","type-page","status-publish","has-post-thumbnail","hentry"],"yoast_head":"<!-- This site is optimized with the Yoast SEO plugin v27.4 - https:\/\/yoast.com\/product\/yoast-seo-wordpress\/ -->\n<title>Rechtliche Hinweise | Big Mama Surfcamp<\/title>\n<meta name=\"robots\" content=\"noindex, nofollow\" \/>\n<meta property=\"og:locale\" content=\"de_DE\" \/>\n<meta property=\"og:type\" content=\"article\" \/>\n<meta property=\"og:title\" content=\"Rechtliche Hinweise | Big Mama Surfcamp\" \/>\n<meta property=\"og:description\" content=\"Rechtliche Hinweise 1 &#8211; Herausgabe der Website Gem\u00e4\u00df Artikel 6 des Gesetzes Nr. 2004-575 vom 21. Juni 2004 \u00fcber das Vertrauen in die digitale Wirtschaft wird den Nutzern der Website https:\/\/www.surfcamp-lacanau.com\/ die Identit\u00e4t der verschiedenen Akteure im Rahmen der Erstellung und Betreuung der Website mitgeteilt: Eigent\u00fcmer der Website: BigMamaSurfCamp &#8211; Kontakt: bigmamasurfcamp@gmail.com 06 67 17 [&hellip;]\" \/>\n<meta property=\"og:url\" content=\"https:\/\/www.surfcamp-lacanau.com\/de\/rechtliche-hinweise\/\" \/>\n<meta property=\"og:site_name\" content=\"Big Mama Surfcamp\" \/>\n<meta property=\"article:publisher\" content=\"https:\/\/www.facebook.com\/Big-Mama-Surf-School-123560954347681\/\" \/>\n<meta property=\"article:modified_time\" content=\"2024-06-10T12:11:23+00:00\" \/>\n<meta property=\"og:image\" content=\"https:\/\/www.surfcamp-lacanau.com\/wp-content\/uploads\/2024\/06\/bigmama-surf-camp-lacanau.jpg\" \/>\n\t<meta property=\"og:image:width\" content=\"1920\" \/>\n\t<meta property=\"og:image:height\" content=\"1280\" \/>\n\t<meta property=\"og:image:type\" content=\"image\/jpeg\" \/>\n<meta name=\"twitter:card\" content=\"summary_large_image\" \/>\n<meta name=\"twitter:label1\" content=\"Gesch\u00e4tzte Lesezeit\" \/>\n\t<meta name=\"twitter:data1\" content=\"3\u00a0Minuten\" \/>\n<script type=\"application\/ld+json\" class=\"yoast-schema-graph\">{\"@context\":\"https:\\\/\\\/schema.org\",\"@graph\":[{\"@type\":\"WebPage\",\"@id\":\"https:\\\/\\\/www.surfcamp-lacanau.com\\\/de\\\/rechtliche-hinweise\\\/\",\"url\":\"https:\\\/\\\/www.surfcamp-lacanau.com\\\/de\\\/rechtliche-hinweise\\\/\",\"name\":\"Rechtliche Hinweise | Big Mama Surfcamp\",\"isPartOf\":{\"@id\":\"https:\\\/\\\/www.surfcamp-lacanau.com\\\/#website\"},\"primaryImageOfPage\":{\"@id\":\"https:\\\/\\\/www.surfcamp-lacanau.com\\\/de\\\/rechtliche-hinweise\\\/#primaryimage\"},\"image\":{\"@id\":\"https:\\\/\\\/www.surfcamp-lacanau.com\\\/de\\\/rechtliche-hinweise\\\/#primaryimage\"},\"thumbnailUrl\":\"https:\\\/\\\/www.surfcamp-lacanau.com\\\/wp-content\\\/uploads\\\/2024\\\/06\\\/bigmama-surf-camp-lacanau.jpg\",\"datePublished\":\"2024-06-06T08:09:39+00:00\",\"dateModified\":\"2024-06-10T12:11:23+00:00\",\"breadcrumb\":{\"@id\":\"https:\\\/\\\/www.surfcamp-lacanau.com\\\/de\\\/rechtliche-hinweise\\\/#breadcrumb\"},\"inLanguage\":\"de\",\"potentialAction\":[{\"@type\":\"ReadAction\",\"target\":[\"https:\\\/\\\/www.surfcamp-lacanau.com\\\/de\\\/rechtliche-hinweise\\\/\"]}]},{\"@type\":\"ImageObject\",\"inLanguage\":\"de\",\"@id\":\"https:\\\/\\\/www.surfcamp-lacanau.com\\\/de\\\/rechtliche-hinweise\\\/#primaryimage\",\"url\":\"https:\\\/\\\/www.surfcamp-lacanau.com\\\/wp-content\\\/uploads\\\/2024\\\/06\\\/bigmama-surf-camp-lacanau.jpg\",\"contentUrl\":\"https:\\\/\\\/www.surfcamp-lacanau.com\\\/wp-content\\\/uploads\\\/2024\\\/06\\\/bigmama-surf-camp-lacanau.jpg\",\"width\":1920,\"height\":1280},{\"@type\":\"BreadcrumbList\",\"@id\":\"https:\\\/\\\/www.surfcamp-lacanau.com\\\/de\\\/rechtliche-hinweise\\\/#breadcrumb\",\"itemListElement\":[{\"@type\":\"ListItem\",\"position\":1,\"name\":\"Accueil\",\"item\":\"https:\\\/\\\/www.surfcamp-lacanau.com\\\/\"},{\"@type\":\"ListItem\",\"position\":2,\"name\":\"Rechtliche Hinweise\"}]},{\"@type\":\"WebSite\",\"@id\":\"https:\\\/\\\/www.surfcamp-lacanau.com\\\/#website\",\"url\":\"https:\\\/\\\/www.surfcamp-lacanau.com\\\/\",\"name\":\"Big Mama Surfschool\",\"description\":\"\u00c9cole de surf \u00e0 Lacanau\",\"publisher\":{\"@id\":\"https:\\\/\\\/www.surfcamp-lacanau.com\\\/#organization\"},\"potentialAction\":[{\"@type\":\"SearchAction\",\"target\":{\"@type\":\"EntryPoint\",\"urlTemplate\":\"https:\\\/\\\/www.surfcamp-lacanau.com\\\/?s={search_term_string}\"},\"query-input\":{\"@type\":\"PropertyValueSpecification\",\"valueRequired\":true,\"valueName\":\"search_term_string\"}}],\"inLanguage\":\"de\"},{\"@type\":\"Organization\",\"@id\":\"https:\\\/\\\/www.surfcamp-lacanau.com\\\/#organization\",\"name\":\"Big Mama Surfschool\",\"url\":\"https:\\\/\\\/www.surfcamp-lacanau.com\\\/\",\"logo\":{\"@type\":\"ImageObject\",\"inLanguage\":\"de\",\"@id\":\"https:\\\/\\\/www.surfcamp-lacanau.com\\\/#\\\/schema\\\/logo\\\/image\\\/\",\"url\":\"https:\\\/\\\/www.surfcamp-lacanau.com\\\/wp-content\\\/uploads\\\/2024\\\/02\\\/bigmama-blanc.png\",\"contentUrl\":\"https:\\\/\\\/www.surfcamp-lacanau.com\\\/wp-content\\\/uploads\\\/2024\\\/02\\\/bigmama-blanc.png\",\"width\":256,\"height\":256,\"caption\":\"Big Mama Surfschool\"},\"image\":{\"@id\":\"https:\\\/\\\/www.surfcamp-lacanau.com\\\/#\\\/schema\\\/logo\\\/image\\\/\"},\"sameAs\":[\"https:\\\/\\\/www.facebook.com\\\/Big-Mama-Surf-School-123560954347681\\\/\",\"https:\\\/\\\/www.instagram.com\\\/bigmamasurfschool\\\/\",\"https:\\\/\\\/www.tiktok.com\\\/@bigmamasurfschool\"]}]}<\/script>\n<!-- \/ Yoast SEO plugin. -->","yoast_head_json":{"title":"Rechtliche Hinweise | Big Mama Surfcamp","robots":{"index":"noindex","follow":"nofollow"},"og_locale":"de_DE","og_type":"article","og_title":"Rechtliche Hinweise | Big Mama Surfcamp","og_description":"Rechtliche Hinweise 1 &#8211; Herausgabe der Website Gem\u00e4\u00df Artikel 6 des Gesetzes Nr. 2004-575 vom 21. Juni 2004 \u00fcber das Vertrauen in die digitale Wirtschaft wird den Nutzern der Website https:\/\/www.surfcamp-lacanau.com\/ die Identit\u00e4t der verschiedenen Akteure im Rahmen der Erstellung und Betreuung der Website mitgeteilt: Eigent\u00fcmer der Website: BigMamaSurfCamp &#8211; Kontakt: bigmamasurfcamp@gmail.com 06 67 17 [&hellip;]","og_url":"https:\/\/www.surfcamp-lacanau.com\/de\/rechtliche-hinweise\/","og_site_name":"Big Mama Surfcamp","article_publisher":"https:\/\/www.facebook.com\/Big-Mama-Surf-School-123560954347681\/","article_modified_time":"2024-06-10T12:11:23+00:00","og_image":[{"width":1920,"height":1280,"url":"https:\/\/www.surfcamp-lacanau.com\/wp-content\/uploads\/2024\/06\/bigmama-surf-camp-lacanau.jpg","type":"image\/jpeg"}],"twitter_card":"summary_large_image","twitter_misc":{"Gesch\u00e4tzte Lesezeit":"3\u00a0Minuten"},"schema":{"@context":"https:\/\/schema.org","@graph":[{"@type":"WebPage","@id":"https:\/\/www.surfcamp-lacanau.com\/de\/rechtliche-hinweise\/","url":"https:\/\/www.surfcamp-lacanau.com\/de\/rechtliche-hinweise\/","name":"Rechtliche Hinweise | Big Mama Surfcamp","isPartOf":{"@id":"https:\/\/www.surfcamp-lacanau.com\/#website"},"primaryImageOfPage":{"@id":"https:\/\/www.surfcamp-lacanau.com\/de\/rechtliche-hinweise\/#primaryimage"},"image":{"@id":"https:\/\/www.surfcamp-lacanau.com\/de\/rechtliche-hinweise\/#primaryimage"},"thumbnailUrl":"https:\/\/www.surfcamp-lacanau.com\/wp-content\/uploads\/2024\/06\/bigmama-surf-camp-lacanau.jpg","datePublished":"2024-06-06T08:09:39+00:00","dateModified":"2024-06-10T12:11:23+00:00","breadcrumb":{"@id":"https:\/\/www.surfcamp-lacanau.com\/de\/rechtliche-hinweise\/#breadcrumb"},"inLanguage":"de","potentialAction":[{"@type":"ReadAction","target":["https:\/\/www.surfcamp-lacanau.com\/de\/rechtliche-hinweise\/"]}]},{"@type":"ImageObject","inLanguage":"de","@id":"https:\/\/www.surfcamp-lacanau.com\/de\/rechtliche-hinweise\/#primaryimage","url":"https:\/\/www.surfcamp-lacanau.com\/wp-content\/uploads\/2024\/06\/bigmama-surf-camp-lacanau.jpg","contentUrl":"https:\/\/www.surfcamp-lacanau.com\/wp-content\/uploads\/2024\/06\/bigmama-surf-camp-lacanau.jpg","width":1920,"height":1280},{"@type":"BreadcrumbList","@id":"https:\/\/www.surfcamp-lacanau.com\/de\/rechtliche-hinweise\/#breadcrumb","itemListElement":[{"@type":"ListItem","position":1,"name":"Accueil","item":"https:\/\/www.surfcamp-lacanau.com\/"},{"@type":"ListItem","position":2,"name":"Rechtliche Hinweise"}]},{"@type":"WebSite","@id":"https:\/\/www.surfcamp-lacanau.com\/#website","url":"https:\/\/www.surfcamp-lacanau.com\/","name":"Big Mama Surfschool","description":"\u00c9cole de surf \u00e0 Lacanau","publisher":{"@id":"https:\/\/www.surfcamp-lacanau.com\/#organization"},"potentialAction":[{"@type":"SearchAction","target":{"@type":"EntryPoint","urlTemplate":"https:\/\/www.surfcamp-lacanau.com\/?s={search_term_string}"},"query-input":{"@type":"PropertyValueSpecification","valueRequired":true,"valueName":"search_term_string"}}],"inLanguage":"de"},{"@type":"Organization","@id":"https:\/\/www.surfcamp-lacanau.com\/#organization","name":"Big Mama Surfschool","url":"https:\/\/www.surfcamp-lacanau.com\/","logo":{"@type":"ImageObject","inLanguage":"de","@id":"https:\/\/www.surfcamp-lacanau.com\/#\/schema\/logo\/image\/","url":"https:\/\/www.surfcamp-lacanau.com\/wp-content\/uploads\/2024\/02\/bigmama-blanc.png","contentUrl":"https:\/\/www.surfcamp-lacanau.com\/wp-content\/uploads\/2024\/02\/bigmama-blanc.png","width":256,"height":256,"caption":"Big Mama Surfschool"},"image":{"@id":"https:\/\/www.surfcamp-lacanau.com\/#\/schema\/logo\/image\/"},"sameAs":["https:\/\/www.facebook.com\/Big-Mama-Surf-School-123560954347681\/","https:\/\/www.instagram.com\/bigmamasurfschool\/","https:\/\/www.tiktok.com\/@bigmamasurfschool"]}]}},"_links":{"self":[{"href":"https:\/\/www.surfcamp-lacanau.com\/de\/wp-json\/wp\/v2\/pages\/4719","targetHints":{"allow":["GET"]}}],"collection":[{"href":"https:\/\/www.surfcamp-lacanau.com\/de\/wp-json\/wp\/v2\/pages"}],"about":[{"href":"https:\/\/www.surfcamp-lacanau.com\/de\/wp-json\/wp\/v2\/types\/page"}],"author":[{"embeddable":true,"href":"https:\/\/www.surfcamp-lacanau.com\/de\/wp-json\/wp\/v2\/users\/1"}],"replies":[{"embeddable":true,"href":"https:\/\/www.surfcamp-lacanau.com\/de\/wp-json\/wp\/v2\/comments?post=4719"}],"version-history":[{"count":4,"href":"https:\/\/www.surfcamp-lacanau.com\/de\/wp-json\/wp\/v2\/pages\/4719\/revisions"}],"predecessor-version":[{"id":4723,"href":"https:\/\/www.surfcamp-lacanau.com\/de\/wp-json\/wp\/v2\/pages\/4719\/revisions\/4723"}],"wp:featuredmedia":[{"embeddable":true,"href":"https:\/\/www.surfcamp-lacanau.com\/de\/wp-json\/wp\/v2\/media\/4528"}],"wp:attachment":[{"href":"https:\/\/www.surfcamp-lacanau.com\/de\/wp-json\/wp\/v2\/media?parent=4719"}],"curies":[{"name":"wp","href":"https:\/\/api.w.org\/{rel}","templated":true}]}}